{"id":14594,"date":"2026-01-14T14:50:32","date_gmt":"2026-01-14T14:50:32","guid":{"rendered":"https:\/\/beup.space\/?page_id=14594"},"modified":"2026-01-22T14:09:56","modified_gmt":"2026-01-22T14:09:56","slug":"cookies-policy","status":"publish","type":"page","link":"https:\/\/beup.space\/en\/cookies-policy\/","title":{"rendered":"Cookies Policy"},"content":{"rendered":"<div data-elementor-type=\"wp-page\" data-elementor-id=\"14594\" class=\"elementor elementor-14594\">\n\t\t\t\t<div class=\"elementor-element elementor-element-31b1d24 e-flex e-con-boxed e-con e-parent\" data-id=\"31b1d24\" data-element_type=\"container\" data-settings=\"{&quot;background_background&quot;:&quot;classic&quot;}\">\n\t\t\t\t\t<div class=\"e-con-inner\">\n\t\t\t\t<div class=\"elementor-element elementor-element-a5d599d elementor-widget__width-initial animated-slow elementor-invisible elementor-widget elementor-widget-thim-ekits-heading\" data-id=\"a5d599d\" data-element_type=\"widget\" data-settings=\"{&quot;_animation&quot;:&quot;ekit--slide-up&quot;}\" data-widget_type=\"thim-ekits-heading.default\">\n\t\t\t\t<div class=\"elementor-widget-container\">\n\t\t\t\t\t<div class=\"thim-ekits-heading thim-ekit__heading\"><h1 class=\"title\">Cookies Policy<\/h1><\/div>\t\t\t\t<\/div>\n\t\t\t\t<\/div>\n\t\t\t\t\t<\/div>\n\t\t\t\t<\/div>\n\t\t<div class=\"elementor-element elementor-element-fe4630c e-flex e-con-boxed e-con e-parent\" data-id=\"fe4630c\" data-element_type=\"container\">\n\t\t\t\t\t<div class=\"e-con-inner\">\n\t\t\t\t<div class=\"elementor-element elementor-element-14d8360 elementor-widget elementor-widget-thim-ekits-heading\" data-id=\"14d8360\" data-element_type=\"widget\" data-widget_type=\"thim-ekits-heading.default\">\n\t\t\t\t<div class=\"elementor-widget-container\">\n\t\t\t\t\t<div class=\"thim-ekits-heading thim-ekit__heading\"><h1 class=\"title\">Cookies Policy<\/h1><\/div>\t\t\t\t<\/div>\n\t\t\t\t<\/div>\n\t\t\t\t<div class=\"elementor-element elementor-element-cec3d02 elementor-widget-divider--view-line elementor-widget elementor-widget-divider\" data-id=\"cec3d02\" data-element_type=\"widget\" data-widget_type=\"divider.default\">\n\t\t\t\t\t\t\t<div class=\"elementor-divider\">\n\t\t\t<span class=\"elementor-divider-separator\">\n\t\t\t\t\t\t<\/span>\n\t\t<\/div>\n\t\t\t\t\t\t<\/div>\n\t\t\t\t<div class=\"elementor-element elementor-element-254da4c elementor-widget elementor-widget-spacer\" data-id=\"254da4c\" data-element_type=\"widget\" data-widget_type=\"spacer.default\">\n\t\t\t\t\t\t\t<div class=\"elementor-spacer\">\n\t\t\t<div class=\"elementor-spacer-inner\"><\/div>\n\t\t<\/div>\n\t\t\t\t\t\t<\/div>\n\t\t\t\t<div class=\"elementor-element elementor-element-dc7dffb elementor-widget elementor-widget-text-editor\" data-id=\"dc7dffb\" data-element_type=\"widget\" data-widget_type=\"text-editor.default\">\n\t\t\t\t\t\t\t\t\t<p><strong>1. What are Cookies?<\/strong><\/p><p>Cookies are small files stored on the browser to help the website function stably and remember user choices.<\/p><p><strong>2. Types of Cookies Used by BEUP<\/strong><\/p><ul><li>Essential cookies: login, shopping cart, security.<\/li><li>Functional Cookies: used to remember language preferences.<\/li><li>Analytics Cookies: used to measure website traffic and user behavior.<\/li><li>Marketing Cookies (if applicable): used for advertising and remarketing purposes.<\/li><\/ul><p><strong>3. Cookie Management<\/strong><\/p><p>Users can manage or delete cookies in their browser settings. Disabling essential cookies may cause the website to malfunction.<\/p><p><!-- notionvc: f7b3b5b9-6eed-4a60-a4da-7fe19dbfa858 --><\/p><p><!-- notionvc: 9ab3b98c-7c4f-4ba2-bf5a-f0b10934701d --><\/p>\t\t\t\t\t\t\t\t<\/div>\n\t\t\t\t\t<\/div>\n\t\t\t\t<\/div>\n\t\t\t\t<\/div>","protected":false},"excerpt":{"rendered":"<p>Cookie Policy (Optional) Cookie Policy (Optional) 1. What are cookies? Cookies are small files stored in your browser to help the website run smoothly and remember user preferences. 2. Category [&hellip;]<\/p>","protected":false},"author":1,"featured_media":0,"parent":0,"menu_order":0,"comment_status":"closed","ping_status":"closed","template":"elementor_header_footer","meta":{"footnotes":""},"class_list":["post-14594","page","type-page","status-publish","hentry"],"yoast_head":"<!-- This site is optimized with the Yoast SEO plugin v26.7 - https:\/\/yoast.com\/wordpress\/plugins\/seo\/ -->\n<title>Cookies Policy - BEUP<\/title>\n<meta name=\"robots\" content=\"index, follow, max-snippet:-1, max-image-preview:large, max-video-preview:-1\" \/>\n<link rel=\"canonical\" href=\"https:\/\/beup.space\/en\/cookies-policy\/\" \/>\n<meta property=\"og:locale\" content=\"en_US\" \/>\n<meta property=\"og:type\" content=\"article\" \/>\n<meta property=\"og:title\" content=\"Cookies Policy - BEUP\" \/>\n<meta property=\"og:description\" content=\"Ch\u00ednh s\u00e1ch cookies (t\u00f9y ch\u1ecdn) Ch\u00ednh s\u00e1ch cookies (t\u00f9y ch\u1ecdn) 1. Cookies l\u00e0 g\u00ec? Cookies l\u00e0 c\u00e1c t\u1ec7p nh\u1ecf l\u01b0u tr\u00ean tr\u00ecnh duy\u1ec7t \u0111\u1ec3 gi\u00fap website ho\u1ea1t \u0111\u1ed9ng \u1ed5n \u0111\u1ecbnh v\u00e0 ghi nh\u1edb l\u1ef1a ch\u1ecdn c\u1ee7a ng\u01b0\u1eddi d\u00f9ng. 2. Nh\u00f3m [&hellip;]\" \/>\n<meta property=\"og:url\" content=\"https:\/\/beup.space\/en\/cookies-policy\/\" \/>\n<meta property=\"og:site_name\" content=\"BEUP\" \/>\n<meta property=\"article:modified_time\" content=\"2026-01-22T14:09:56+00:00\" \/>\n<meta property=\"og:image\" content=\"https:\/\/beup.space\/wp-content\/uploads\/2024\/02\/box-bottom-1.jpg\" \/>\n<meta name=\"twitter:card\" content=\"summary_large_image\" \/>\n<meta name=\"twitter:label1\" content=\"Est. reading time\" \/>\n\t<meta name=\"twitter:data1\" content=\"1 minute\" \/>\n<script type=\"application\/ld+json\" class=\"yoast-schema-graph\">{\"@context\":\"https:\/\/schema.org\",\"@graph\":[{\"@type\":\"WebPage\",\"@id\":\"https:\/\/beup.space\/cookies-policy\/\",\"url\":\"https:\/\/beup.space\/cookies-policy\/\",\"name\":\"Cookies Policy - BEUP\",\"isPartOf\":{\"@id\":\"https:\/\/beup.space\/#website\"},\"datePublished\":\"2026-01-14T14:50:32+00:00\",\"dateModified\":\"2026-01-22T14:09:56+00:00\",\"breadcrumb\":{\"@id\":\"https:\/\/beup.space\/cookies-policy\/#breadcrumb\"},\"inLanguage\":\"en-US\",\"potentialAction\":[{\"@type\":\"ReadAction\",\"target\":[\"https:\/\/beup.space\/cookies-policy\/\"]}]},{\"@type\":\"BreadcrumbList\",\"@id\":\"https:\/\/beup.space\/cookies-policy\/#breadcrumb\",\"itemListElement\":[{\"@type\":\"ListItem\",\"position\":1,\"name\":\"Home\",\"item\":\"https:\/\/beup.space\/\"},{\"@type\":\"ListItem\",\"position\":2,\"name\":\"Cookies Policy\"}]},{\"@type\":\"WebSite\",\"@id\":\"https:\/\/beup.space\/#website\",\"url\":\"https:\/\/beup.space\/\",\"name\":\"BEUP\",\"description\":\"Just X\u00e2y d\u1ef1ng n\u1ec1n t\u1ea3ng th\u01b0\u01a1ng m\u1ea1i \u0111i\u1ec7n t\u1eed b\u00e1n s\u1ea3n ph\u1ea9m s\u1ed1 (Notion templates, content packs) k\u1ebft h\u1ee3p v\u1edbi gi\u1edbi thi\u1ec7u d\u1ecbch v\u1ee5 t\u01b0 v\u1ea5nWordPress site\",\"publisher\":{\"@id\":\"https:\/\/beup.space\/#organization\"},\"potentialAction\":[{\"@type\":\"SearchAction\",\"target\":{\"@type\":\"EntryPoint\",\"urlTemplate\":\"https:\/\/beup.space\/?s={search_term_string}\"},\"query-input\":{\"@type\":\"PropertyValueSpecification\",\"valueRequired\":true,\"valueName\":\"search_term_string\"}}],\"inLanguage\":\"en-US\"},{\"@type\":\"Organization\",\"@id\":\"https:\/\/beup.space\/#organization\",\"name\":\"BEUP\",\"url\":\"https:\/\/beup.space\/\",\"logo\":{\"@type\":\"ImageObject\",\"inLanguage\":\"en-US\",\"@id\":\"https:\/\/beup.space\/#\/schema\/logo\/image\/\",\"url\":\"https:\/\/beup.space\/wp-content\/uploads\/2025\/12\/logo-final-1536x530-1.png\",\"contentUrl\":\"https:\/\/beup.space\/wp-content\/uploads\/2025\/12\/logo-final-1536x530-1.png\",\"width\":1536,\"height\":530,\"caption\":\"BEUP\"},\"image\":{\"@id\":\"https:\/\/beup.space\/#\/schema\/logo\/image\/\"}}]}<\/script>\n<!-- \/ Yoast SEO plugin. -->","yoast_head_json":{"title":"Cookies Policy - BEUP","robots":{"index":"index","follow":"follow","max-snippet":"max-snippet:-1","max-image-preview":"max-image-preview:large","max-video-preview":"max-video-preview:-1"},"canonical":"https:\/\/beup.space\/en\/cookies-policy\/","og_locale":"en_US","og_type":"article","og_title":"Cookies Policy - BEUP","og_description":"Ch\u00ednh s\u00e1ch cookies (t\u00f9y ch\u1ecdn) Ch\u00ednh s\u00e1ch cookies (t\u00f9y ch\u1ecdn) 1. Cookies l\u00e0 g\u00ec? Cookies l\u00e0 c\u00e1c t\u1ec7p nh\u1ecf l\u01b0u tr\u00ean tr\u00ecnh duy\u1ec7t \u0111\u1ec3 gi\u00fap website ho\u1ea1t \u0111\u1ed9ng \u1ed5n \u0111\u1ecbnh v\u00e0 ghi nh\u1edb l\u1ef1a ch\u1ecdn c\u1ee7a ng\u01b0\u1eddi d\u00f9ng. 2. Nh\u00f3m [&hellip;]","og_url":"https:\/\/beup.space\/en\/cookies-policy\/","og_site_name":"BEUP","article_modified_time":"2026-01-22T14:09:56+00:00","og_image":[{"url":"https:\/\/beup.space\/wp-content\/uploads\/2024\/02\/box-bottom-1.jpg","type":"","width":"","height":""}],"twitter_card":"summary_large_image","twitter_misc":{"Est. reading time":"1 minute"},"schema":{"@context":"https:\/\/schema.org","@graph":[{"@type":"WebPage","@id":"https:\/\/beup.space\/cookies-policy\/","url":"https:\/\/beup.space\/cookies-policy\/","name":"Cookies Policy - BEUP","isPartOf":{"@id":"https:\/\/beup.space\/#website"},"datePublished":"2026-01-14T14:50:32+00:00","dateModified":"2026-01-22T14:09:56+00:00","breadcrumb":{"@id":"https:\/\/beup.space\/cookies-policy\/#breadcrumb"},"inLanguage":"en-US","potentialAction":[{"@type":"ReadAction","target":["https:\/\/beup.space\/cookies-policy\/"]}]},{"@type":"BreadcrumbList","@id":"https:\/\/beup.space\/cookies-policy\/#breadcrumb","itemListElement":[{"@type":"ListItem","position":1,"name":"Home","item":"https:\/\/beup.space\/"},{"@type":"ListItem","position":2,"name":"Cookies Policy"}]},{"@type":"WebSite","@id":"https:\/\/beup.space\/#website","url":"https:\/\/beup.space\/","name":"BEUP","description":"Building a digital product e-commerce platform (Notion templates, content packs) with consulting services \u2014 WordPress site","publisher":{"@id":"https:\/\/beup.space\/#organization"},"potentialAction":[{"@type":"SearchAction","target":{"@type":"EntryPoint","urlTemplate":"https:\/\/beup.space\/?s={search_term_string}"},"query-input":{"@type":"PropertyValueSpecification","valueRequired":true,"valueName":"search_term_string"}}],"inLanguage":"en-US"},{"@type":"Organization","@id":"https:\/\/beup.space\/#organization","name":"BEUP","url":"https:\/\/beup.space\/","logo":{"@type":"ImageObject","inLanguage":"en-US","@id":"https:\/\/beup.space\/#\/schema\/logo\/image\/","url":"https:\/\/beup.space\/wp-content\/uploads\/2025\/12\/logo-final-1536x530-1.png","contentUrl":"https:\/\/beup.space\/wp-content\/uploads\/2025\/12\/logo-final-1536x530-1.png","width":1536,"height":530,"caption":"BEUP"},"image":{"@id":"https:\/\/beup.space\/#\/schema\/logo\/image\/"}}]}},"_links":{"self":[{"href":"https:\/\/beup.space\/en\/wp-json\/wp\/v2\/pages\/14594","targetHints":{"allow":["GET"]}}],"collection":[{"href":"https:\/\/beup.space\/en\/wp-json\/wp\/v2\/pages"}],"about":[{"href":"https:\/\/beup.space\/en\/wp-json\/wp\/v2\/types\/page"}],"author":[{"embeddable":true,"href":"https:\/\/beup.space\/en\/wp-json\/wp\/v2\/users\/1"}],"replies":[{"embeddable":true,"href":"https:\/\/beup.space\/en\/wp-json\/wp\/v2\/comments?post=14594"}],"version-history":[{"count":6,"href":"https:\/\/beup.space\/en\/wp-json\/wp\/v2\/pages\/14594\/revisions"}],"predecessor-version":[{"id":15025,"href":"https:\/\/beup.space\/en\/wp-json\/wp\/v2\/pages\/14594\/revisions\/15025"}],"wp:attachment":[{"href":"https:\/\/beup.space\/en\/wp-json\/wp\/v2\/media?parent=14594"}],"curies":[{"name":"wp","href":"https:\/\/api.w.org\/{rel}","templated":true}]}}