{"id":14579,"date":"2026-01-14T14:43:39","date_gmt":"2026-01-14T14:43:39","guid":{"rendered":"https:\/\/beup.space\/?page_id=14579"},"modified":"2026-01-22T14:09:06","modified_gmt":"2026-01-22T14:09:06","slug":"digital-delivery-policy","status":"publish","type":"page","link":"https:\/\/beup.space\/en\/digital-delivery-policy\/","title":{"rendered":"Digital Delivery Policy"},"content":{"rendered":"<div data-elementor-type=\"wp-page\" data-elementor-id=\"14579\" class=\"elementor elementor-14579\">\n\t\t\t\t<div class=\"elementor-element elementor-element-31b1d24 e-flex e-con-boxed e-con e-parent\" data-id=\"31b1d24\" data-element_type=\"container\" data-settings=\"{&quot;background_background&quot;:&quot;classic&quot;}\">\n\t\t\t\t\t<div class=\"e-con-inner\">\n\t\t\t\t<div class=\"elementor-element elementor-element-a5d599d elementor-widget__width-initial animated-slow elementor-invisible elementor-widget elementor-widget-thim-ekits-heading\" data-id=\"a5d599d\" data-element_type=\"widget\" data-settings=\"{&quot;_animation&quot;:&quot;ekit--slide-up&quot;}\" data-widget_type=\"thim-ekits-heading.default\">\n\t\t\t\t<div class=\"elementor-widget-container\">\n\t\t\t\t\t<div class=\"thim-ekits-heading thim-ekit__heading\"><h1 class=\"title\">Digital Delivery Policy<\/h1><\/div>\t\t\t\t<\/div>\n\t\t\t\t<\/div>\n\t\t\t\t\t<\/div>\n\t\t\t\t<\/div>\n\t\t<div class=\"elementor-element elementor-element-fe4630c e-flex e-con-boxed e-con e-parent\" data-id=\"fe4630c\" data-element_type=\"container\">\n\t\t\t\t\t<div class=\"e-con-inner\">\n\t\t\t\t<div class=\"elementor-element elementor-element-14d8360 elementor-widget elementor-widget-thim-ekits-heading\" data-id=\"14d8360\" data-element_type=\"widget\" data-widget_type=\"thim-ekits-heading.default\">\n\t\t\t\t<div class=\"elementor-widget-container\">\n\t\t\t\t\t<div class=\"thim-ekits-heading thim-ekit__heading\"><h1 class=\"title\">Digital Delivery Policy<\/h1><\/div>\t\t\t\t<\/div>\n\t\t\t\t<\/div>\n\t\t\t\t<div class=\"elementor-element elementor-element-cec3d02 elementor-widget-divider--view-line elementor-widget elementor-widget-divider\" data-id=\"cec3d02\" data-element_type=\"widget\" data-widget_type=\"divider.default\">\n\t\t\t\t\t\t\t<div class=\"elementor-divider\">\n\t\t\t<span class=\"elementor-divider-separator\">\n\t\t\t\t\t\t<\/span>\n\t\t<\/div>\n\t\t\t\t\t\t<\/div>\n\t\t\t\t<div class=\"elementor-element elementor-element-254da4c elementor-widget elementor-widget-spacer\" data-id=\"254da4c\" data-element_type=\"widget\" data-widget_type=\"spacer.default\">\n\t\t\t\t\t\t\t<div class=\"elementor-spacer\">\n\t\t\t<div class=\"elementor-spacer-inner\"><\/div>\n\t\t<\/div>\n\t\t\t\t\t\t<\/div>\n\t\t\t\t<div class=\"elementor-element elementor-element-dc7dffb elementor-widget elementor-widget-text-editor\" data-id=\"dc7dffb\" data-element_type=\"widget\" data-widget_type=\"text-editor.default\">\n\t\t\t\t\t\t\t\t\t<p><strong>1. Delivery Method<\/strong><\/p><ul><li>An automated email will send a download link or access instructions after payment.<\/li><li>Or grant access to the Downloads\/Account page (if applicable).<\/li><\/ul><p><strong>2. Delivery Time<\/strong><\/p><ul><li>Typically: immediately after successful payment.<\/li><li>Delivery may be delayed due to payment gateway processing or email system delays.<\/li><\/ul><p><strong>3. Product not received \/ re-download<\/strong><\/p><p>Users are required to:<\/p><ul><li>Check the Spam\/Promotions folder.<\/li><li>Confirm that the order email address is correct.<\/li><li>Contact BEUP to request the link to be resent.<\/li><\/ul><p><strong>4. Re-download Support Time<\/strong><\/p><p>BEUP supports resending download links\/restoring access within <strong>90 days<\/strong> from the purchase date (unless otherwise specified for the product).<\/p><p><strong>5. Minimum Technical Requirements<\/strong><\/p><ul><li>Notion template: requires a Notion account.<\/li><li>Excel\/Sheets: requires a suitable version.<\/li><li>PDF files: a PDF reader is required.<\/li><\/ul><p><strong>6. Support Response Time<\/strong><\/p><p>BEUP responds to support requests within <strong>48 working hours<\/strong>.<\/p><p><!-- notionvc: a0ade3d5-c18e-49c1-8540-5b5f2a993ee4 --><\/p><p><!-- notionvc: 9ab3b98c-7c4f-4ba2-bf5a-f0b10934701d --><\/p>\t\t\t\t\t\t\t\t<\/div>\n\t\t\t\t\t<\/div>\n\t\t\t\t<\/div>\n\t\t\t\t<\/div>","protected":false},"excerpt":{"rendered":"<p>Digital Delivery Policy Digital Delivery Policy 1. Delivery Method An automated email will send a download link or access instructions after payment. Or grant access to the Downloads\/Account page (if [...])<\/p>","protected":false},"author":1,"featured_media":0,"parent":0,"menu_order":0,"comment_status":"closed","ping_status":"closed","template":"elementor_header_footer","meta":{"footnotes":""},"class_list":["post-14579","page","type-page","status-publish","hentry"],"yoast_head":"<!-- This site is optimized with the Yoast SEO plugin v26.7 - https:\/\/yoast.com\/wordpress\/plugins\/seo\/ -->\n<title>Digital Delivery Policy - BEUP<\/title>\n<meta name=\"robots\" content=\"index, follow, max-snippet:-1, max-image-preview:large, max-video-preview:-1\" \/>\n<link rel=\"canonical\" href=\"https:\/\/beup.space\/en\/digital-delivery-policy\/\" \/>\n<meta property=\"og:locale\" content=\"en_US\" \/>\n<meta property=\"og:type\" content=\"article\" \/>\n<meta property=\"og:title\" content=\"Digital Delivery Policy - BEUP\" \/>\n<meta property=\"og:description\" content=\"Ch\u00ednh s\u00e1ch giao h\u00e0ng s\u1ed1 Ch\u00ednh s\u00e1ch giao h\u00e0ng s\u1ed1 1. H\u00ecnh th\u1ee9c giao h\u00e0ng Email t\u1ef1 \u0111\u1ed9ng g\u1eedi link t\u1ea3i ho\u1eb7c h\u01b0\u1edbng d\u1eabn truy c\u1eadp sau thanh to\u00e1n. Ho\u1eb7c c\u1ea5p quy\u1ec1n truy c\u1eadp v\u00e0o trang T\u1ea3i xu\u1ed1ng\/T\u00e0i kho\u1ea3n (n\u1ebfu [&hellip;]\" \/>\n<meta property=\"og:url\" content=\"https:\/\/beup.space\/en\/digital-delivery-policy\/\" \/>\n<meta property=\"og:site_name\" content=\"BEUP\" \/>\n<meta property=\"article:modified_time\" content=\"2026-01-22T14:09:06+00:00\" \/>\n<meta property=\"og:image\" content=\"https:\/\/beup.space\/wp-content\/uploads\/2024\/02\/box-bottom-1.jpg\" \/>\n<meta name=\"twitter:card\" content=\"summary_large_image\" \/>\n<meta name=\"twitter:label1\" content=\"Est. reading time\" \/>\n\t<meta name=\"twitter:data1\" content=\"1 minute\" \/>\n<script type=\"application\/ld+json\" class=\"yoast-schema-graph\">{\"@context\":\"https:\/\/schema.org\",\"@graph\":[{\"@type\":\"WebPage\",\"@id\":\"https:\/\/beup.space\/digital-delivery-policy\/\",\"url\":\"https:\/\/beup.space\/digital-delivery-policy\/\",\"name\":\"Digital Delivery Policy - BEUP\",\"isPartOf\":{\"@id\":\"https:\/\/beup.space\/#website\"},\"datePublished\":\"2026-01-14T14:43:39+00:00\",\"dateModified\":\"2026-01-22T14:09:06+00:00\",\"breadcrumb\":{\"@id\":\"https:\/\/beup.space\/digital-delivery-policy\/#breadcrumb\"},\"inLanguage\":\"en-US\",\"potentialAction\":[{\"@type\":\"ReadAction\",\"target\":[\"https:\/\/beup.space\/digital-delivery-policy\/\"]}]},{\"@type\":\"BreadcrumbList\",\"@id\":\"https:\/\/beup.space\/digital-delivery-policy\/#breadcrumb\",\"itemListElement\":[{\"@type\":\"ListItem\",\"position\":1,\"name\":\"Home\",\"item\":\"https:\/\/beup.space\/\"},{\"@type\":\"ListItem\",\"position\":2,\"name\":\"Digital Delivery Policy\"}]},{\"@type\":\"WebSite\",\"@id\":\"https:\/\/beup.space\/#website\",\"url\":\"https:\/\/beup.space\/\",\"name\":\"BEUP\",\"description\":\"Just X\u00e2y d\u1ef1ng n\u1ec1n t\u1ea3ng th\u01b0\u01a1ng m\u1ea1i \u0111i\u1ec7n t\u1eed b\u00e1n s\u1ea3n ph\u1ea9m s\u1ed1 (Notion templates, content packs) k\u1ebft h\u1ee3p v\u1edbi gi\u1edbi thi\u1ec7u d\u1ecbch v\u1ee5 t\u01b0 v\u1ea5nWordPress site\",\"publisher\":{\"@id\":\"https:\/\/beup.space\/#organization\"},\"potentialAction\":[{\"@type\":\"SearchAction\",\"target\":{\"@type\":\"EntryPoint\",\"urlTemplate\":\"https:\/\/beup.space\/?s={search_term_string}\"},\"query-input\":{\"@type\":\"PropertyValueSpecification\",\"valueRequired\":true,\"valueName\":\"search_term_string\"}}],\"inLanguage\":\"en-US\"},{\"@type\":\"Organization\",\"@id\":\"https:\/\/beup.space\/#organization\",\"name\":\"BEUP\",\"url\":\"https:\/\/beup.space\/\",\"logo\":{\"@type\":\"ImageObject\",\"inLanguage\":\"en-US\",\"@id\":\"https:\/\/beup.space\/#\/schema\/logo\/image\/\",\"url\":\"https:\/\/beup.space\/wp-content\/uploads\/2025\/12\/logo-final-1536x530-1.png\",\"contentUrl\":\"https:\/\/beup.space\/wp-content\/uploads\/2025\/12\/logo-final-1536x530-1.png\",\"width\":1536,\"height\":530,\"caption\":\"BEUP\"},\"image\":{\"@id\":\"https:\/\/beup.space\/#\/schema\/logo\/image\/\"}}]}<\/script>\n<!-- \/ Yoast SEO plugin. -->","yoast_head_json":{"title":"Digital Delivery Policy - BEUP","robots":{"index":"index","follow":"follow","max-snippet":"max-snippet:-1","max-image-preview":"max-image-preview:large","max-video-preview":"max-video-preview:-1"},"canonical":"https:\/\/beup.space\/en\/digital-delivery-policy\/","og_locale":"en_US","og_type":"article","og_title":"Digital Delivery Policy - BEUP","og_description":"Ch\u00ednh s\u00e1ch giao h\u00e0ng s\u1ed1 Ch\u00ednh s\u00e1ch giao h\u00e0ng s\u1ed1 1. H\u00ecnh th\u1ee9c giao h\u00e0ng Email t\u1ef1 \u0111\u1ed9ng g\u1eedi link t\u1ea3i ho\u1eb7c h\u01b0\u1edbng d\u1eabn truy c\u1eadp sau thanh to\u00e1n. Ho\u1eb7c c\u1ea5p quy\u1ec1n truy c\u1eadp v\u00e0o trang T\u1ea3i xu\u1ed1ng\/T\u00e0i kho\u1ea3n (n\u1ebfu [&hellip;]","og_url":"https:\/\/beup.space\/en\/digital-delivery-policy\/","og_site_name":"BEUP","article_modified_time":"2026-01-22T14:09:06+00:00","og_image":[{"url":"https:\/\/beup.space\/wp-content\/uploads\/2024\/02\/box-bottom-1.jpg","type":"","width":"","height":""}],"twitter_card":"summary_large_image","twitter_misc":{"Est. reading time":"1 minute"},"schema":{"@context":"https:\/\/schema.org","@graph":[{"@type":"WebPage","@id":"https:\/\/beup.space\/digital-delivery-policy\/","url":"https:\/\/beup.space\/digital-delivery-policy\/","name":"Digital Delivery Policy - BEUP","isPartOf":{"@id":"https:\/\/beup.space\/#website"},"datePublished":"2026-01-14T14:43:39+00:00","dateModified":"2026-01-22T14:09:06+00:00","breadcrumb":{"@id":"https:\/\/beup.space\/digital-delivery-policy\/#breadcrumb"},"inLanguage":"en-US","potentialAction":[{"@type":"ReadAction","target":["https:\/\/beup.space\/digital-delivery-policy\/"]}]},{"@type":"BreadcrumbList","@id":"https:\/\/beup.space\/digital-delivery-policy\/#breadcrumb","itemListElement":[{"@type":"ListItem","position":1,"name":"Home","item":"https:\/\/beup.space\/"},{"@type":"ListItem","position":2,"name":"Digital Delivery Policy"}]},{"@type":"WebSite","@id":"https:\/\/beup.space\/#website","url":"https:\/\/beup.space\/","name":"BEUP","description":"Building a digital product e-commerce platform (Notion templates, content packs) with consulting services \u2014 WordPress site","publisher":{"@id":"https:\/\/beup.space\/#organization"},"potentialAction":[{"@type":"SearchAction","target":{"@type":"EntryPoint","urlTemplate":"https:\/\/beup.space\/?s={search_term_string}"},"query-input":{"@type":"PropertyValueSpecification","valueRequired":true,"valueName":"search_term_string"}}],"inLanguage":"en-US"},{"@type":"Organization","@id":"https:\/\/beup.space\/#organization","name":"BEUP","url":"https:\/\/beup.space\/","logo":{"@type":"ImageObject","inLanguage":"en-US","@id":"https:\/\/beup.space\/#\/schema\/logo\/image\/","url":"https:\/\/beup.space\/wp-content\/uploads\/2025\/12\/logo-final-1536x530-1.png","contentUrl":"https:\/\/beup.space\/wp-content\/uploads\/2025\/12\/logo-final-1536x530-1.png","width":1536,"height":530,"caption":"BEUP"},"image":{"@id":"https:\/\/beup.space\/#\/schema\/logo\/image\/"}}]}},"_links":{"self":[{"href":"https:\/\/beup.space\/en\/wp-json\/wp\/v2\/pages\/14579","targetHints":{"allow":["GET"]}}],"collection":[{"href":"https:\/\/beup.space\/en\/wp-json\/wp\/v2\/pages"}],"about":[{"href":"https:\/\/beup.space\/en\/wp-json\/wp\/v2\/types\/page"}],"author":[{"embeddable":true,"href":"https:\/\/beup.space\/en\/wp-json\/wp\/v2\/users\/1"}],"replies":[{"embeddable":true,"href":"https:\/\/beup.space\/en\/wp-json\/wp\/v2\/comments?post=14579"}],"version-history":[{"count":8,"href":"https:\/\/beup.space\/en\/wp-json\/wp\/v2\/pages\/14579\/revisions"}],"predecessor-version":[{"id":15024,"href":"https:\/\/beup.space\/en\/wp-json\/wp\/v2\/pages\/14579\/revisions\/15024"}],"wp:attachment":[{"href":"https:\/\/beup.space\/en\/wp-json\/wp\/v2\/media?parent=14579"}],"curies":[{"name":"wp","href":"https:\/\/api.w.org\/{rel}","templated":true}]}}