{"id":14566,"date":"2026-01-14T14:38:13","date_gmt":"2026-01-14T14:38:13","guid":{"rendered":"https:\/\/beup.space\/?page_id=14566"},"modified":"2026-01-22T14:10:15","modified_gmt":"2026-01-22T14:10:15","slug":"privacy-policy","status":"publish","type":"page","link":"https:\/\/beup.space\/en\/privacy-policy\/","title":{"rendered":"Privacy Policy"},"content":{"rendered":"<div data-elementor-type=\"wp-page\" data-elementor-id=\"14566\" class=\"elementor elementor-14566\">\n\t\t\t\t<div class=\"elementor-element elementor-element-31b1d24 e-flex e-con-boxed e-con e-parent\" data-id=\"31b1d24\" data-element_type=\"container\" data-settings=\"{&quot;background_background&quot;:&quot;classic&quot;}\">\n\t\t\t\t\t<div class=\"e-con-inner\">\n\t\t\t\t<div class=\"elementor-element elementor-element-a5d599d elementor-widget__width-initial animated-slow elementor-invisible elementor-widget elementor-widget-thim-ekits-heading\" data-id=\"a5d599d\" data-element_type=\"widget\" data-settings=\"{&quot;_animation&quot;:&quot;ekit--slide-up&quot;}\" data-widget_type=\"thim-ekits-heading.default\">\n\t\t\t\t<div class=\"elementor-widget-container\">\n\t\t\t\t\t<div class=\"thim-ekits-heading thim-ekit__heading\"><h1 class=\"title\">Privacy &amp; Personal Data Policy<\/h1><\/div>\t\t\t\t<\/div>\n\t\t\t\t<\/div>\n\t\t\t\t\t<\/div>\n\t\t\t\t<\/div>\n\t\t<div class=\"elementor-element elementor-element-fe4630c e-flex e-con-boxed e-con e-parent\" data-id=\"fe4630c\" data-element_type=\"container\">\n\t\t\t\t\t<div class=\"e-con-inner\">\n\t\t\t\t<div class=\"elementor-element elementor-element-14d8360 elementor-widget elementor-widget-thim-ekits-heading\" data-id=\"14d8360\" data-element_type=\"widget\" data-widget_type=\"thim-ekits-heading.default\">\n\t\t\t\t<div class=\"elementor-widget-container\">\n\t\t\t\t\t<div class=\"thim-ekits-heading thim-ekit__heading\"><h1 class=\"title\">Privacy &amp; Personal Data Policy<\/h1><\/div>\t\t\t\t<\/div>\n\t\t\t\t<\/div>\n\t\t\t\t<div class=\"elementor-element elementor-element-cec3d02 elementor-widget-divider--view-line elementor-widget elementor-widget-divider\" data-id=\"cec3d02\" data-element_type=\"widget\" data-widget_type=\"divider.default\">\n\t\t\t\t\t\t\t<div class=\"elementor-divider\">\n\t\t\t<span class=\"elementor-divider-separator\">\n\t\t\t\t\t\t<\/span>\n\t\t<\/div>\n\t\t\t\t\t\t<\/div>\n\t\t\t\t<div class=\"elementor-element elementor-element-254da4c elementor-widget elementor-widget-spacer\" data-id=\"254da4c\" data-element_type=\"widget\" data-widget_type=\"spacer.default\">\n\t\t\t\t\t\t\t<div class=\"elementor-spacer\">\n\t\t\t<div class=\"elementor-spacer-inner\"><\/div>\n\t\t<\/div>\n\t\t\t\t\t\t<\/div>\n\t\t\t\t<div class=\"elementor-element elementor-element-dc7dffb elementor-widget elementor-widget-text-editor\" data-id=\"dc7dffb\" data-element_type=\"widget\" data-widget_type=\"text-editor.default\">\n\t\t\t\t\t\t\t\t\t<p><strong>1. Information Collected by BEUP<\/strong><\/p><ul><li>Order information: full name, email, phone number (if applicable), country.<\/li><li>Payment information: processed by payment gateway partners; BEUP does not store card information.<\/li><li>Technical data: cookies, IP address, device, browser, interaction behavior (for operational and analytical purposes).<\/li><\/ul><p><strong>2. Purposes of Data Processing<\/strong><\/p><ul><li>To process payments and deliver digital products<\/li><li>To send confirmation emails, download links or access credentials, and update notifications<\/li><li>To provide customer support and handle complaints<\/li><li>To analyze and improve the website experience.<\/li><\/ul><p><strong>3. Consent Mechanism &amp; User Choices<\/strong><\/p><ul><li>When users provide information and\/or complete a purchase, they agree to BEUP processing data to the extent necessary to fulfill the order.<\/li><li>For email marketing (if applicable), BEUP will provide options to subscribe to or unsubscribe from marketing emails.<\/li><li>For non-essential cookies (if applicable), BEUP may display a banner allowing users to make their choices.<\/li><\/ul><p><strong>4. Data Sharing<\/strong><\/p><p>BEUP may share the minimum necessary data for operational purposes with:<\/p><ul><li>Payment gateways<\/li><li>Email delivery services<\/li><li>File storage and access management services<\/li><li>Analytics tools<\/li><\/ul><p><strong>5. Cross-Border Data Transfers (If Applicable)<\/strong><\/p><p>Some service providers (payment\/hosting\/email\/analytics) may locate servers outside Vietnam. By using the website, users agree that data may be processed via these providers to the extent necessary.<\/p><p><strong>6. Data Retention Period<\/strong><\/p><p>BEUP stores data for the time necessary for the purpose of providing services, complying with accounting\/tax regulations, and resolving disputes.<\/p><p><strong>7. Data Subject Rights<\/strong><\/p><p>Users have the right to request access to, correction, deletion of, or restriction of the processing of their data in accordance with applicable law<\/p><p><strong>8. Data Security<\/strong><\/p><p>BEUP implements reasonable technical and organizational measures to protect personal data<\/p><p><strong>9. Contact Information<\/strong><\/p><p>Email for handling personal data requests: <a href=\"mailto:support@beup.space\">support@beup.space<\/a><\/p><p><!-- notionvc: d33d0627-f104-4916-8dc4-72889844d4dc --><\/p><p><!-- notionvc: 9ab3b98c-7c4f-4ba2-bf5a-f0b10934701d --><\/p>\t\t\t\t\t\t\t\t<\/div>\n\t\t\t\t\t<\/div>\n\t\t\t\t<\/div>\n\t\t\t\t<\/div>","protected":false},"excerpt":{"rendered":"<p>Privacy &amp; Personal Data Policy Privacy &amp; Personal Data Policy 1. Data BEUP collects Order information: full name, email, phone number (if applicable), country. Information [&hellip;]<\/p>","protected":false},"author":1,"featured_media":0,"parent":0,"menu_order":0,"comment_status":"closed","ping_status":"closed","template":"elementor_header_footer","meta":{"footnotes":""},"class_list":["post-14566","page","type-page","status-publish","hentry"],"yoast_head":"<!-- This site is optimized with the Yoast SEO plugin v26.7 - https:\/\/yoast.com\/wordpress\/plugins\/seo\/ -->\n<title>Privacy Policy - BEUP<\/title>\n<meta name=\"robots\" content=\"index, follow, max-snippet:-1, max-image-preview:large, max-video-preview:-1\" \/>\n<link rel=\"canonical\" href=\"https:\/\/beup.space\/en\/privacy-policy\/\" \/>\n<meta property=\"og:locale\" content=\"en_US\" \/>\n<meta property=\"og:type\" content=\"article\" \/>\n<meta property=\"og:title\" content=\"Privacy Policy - BEUP\" \/>\n<meta property=\"og:description\" content=\"Ch\u00ednh s\u00e1ch b\u1ea3o m\u1eadt &amp; d\u1eef li\u1ec7u c\u00e1 nh\u00e2n Ch\u00ednh s\u00e1ch b\u1ea3o m\u1eadt &amp; d\u1eef li\u1ec7u c\u00e1 nh\u00e2n 1. D\u1eef li\u1ec7u BEUP thu th\u1eadp Th\u00f4ng tin \u0111\u01a1n h\u00e0ng: h\u1ecd t\u00ean, email, s\u1ed1 \u0111i\u1ec7n tho\u1ea1i (n\u1ebfu c\u00f3), qu\u1ed1c gia. Th\u00f4ng tin [&hellip;]\" \/>\n<meta property=\"og:url\" content=\"https:\/\/beup.space\/en\/privacy-policy\/\" \/>\n<meta property=\"og:site_name\" content=\"BEUP\" \/>\n<meta property=\"article:modified_time\" content=\"2026-01-22T14:10:15+00:00\" \/>\n<meta property=\"og:image\" content=\"https:\/\/beup.space\/wp-content\/uploads\/2024\/02\/box-bottom-1.jpg\" \/>\n<meta name=\"twitter:card\" content=\"summary_large_image\" \/>\n<meta name=\"twitter:label1\" content=\"Est. reading time\" \/>\n\t<meta name=\"twitter:data1\" content=\"1 minute\" \/>\n<script type=\"application\/ld+json\" class=\"yoast-schema-graph\">{\"@context\":\"https:\/\/schema.org\",\"@graph\":[{\"@type\":\"WebPage\",\"@id\":\"https:\/\/beup.space\/privacy-policy\/\",\"url\":\"https:\/\/beup.space\/privacy-policy\/\",\"name\":\"Privacy Policy - BEUP\",\"isPartOf\":{\"@id\":\"https:\/\/beup.space\/#website\"},\"datePublished\":\"2026-01-14T14:38:13+00:00\",\"dateModified\":\"2026-01-22T14:10:15+00:00\",\"breadcrumb\":{\"@id\":\"https:\/\/beup.space\/privacy-policy\/#breadcrumb\"},\"inLanguage\":\"en-US\",\"potentialAction\":[{\"@type\":\"ReadAction\",\"target\":[\"https:\/\/beup.space\/privacy-policy\/\"]}]},{\"@type\":\"BreadcrumbList\",\"@id\":\"https:\/\/beup.space\/privacy-policy\/#breadcrumb\",\"itemListElement\":[{\"@type\":\"ListItem\",\"position\":1,\"name\":\"Home\",\"item\":\"https:\/\/beup.space\/\"},{\"@type\":\"ListItem\",\"position\":2,\"name\":\"Privacy Policy\"}]},{\"@type\":\"WebSite\",\"@id\":\"https:\/\/beup.space\/#website\",\"url\":\"https:\/\/beup.space\/\",\"name\":\"BEUP\",\"description\":\"Just X\u00e2y d\u1ef1ng n\u1ec1n t\u1ea3ng th\u01b0\u01a1ng m\u1ea1i \u0111i\u1ec7n t\u1eed b\u00e1n s\u1ea3n ph\u1ea9m s\u1ed1 (Notion templates, content packs) k\u1ebft h\u1ee3p v\u1edbi gi\u1edbi thi\u1ec7u d\u1ecbch v\u1ee5 t\u01b0 v\u1ea5nWordPress site\",\"publisher\":{\"@id\":\"https:\/\/beup.space\/#organization\"},\"potentialAction\":[{\"@type\":\"SearchAction\",\"target\":{\"@type\":\"EntryPoint\",\"urlTemplate\":\"https:\/\/beup.space\/?s={search_term_string}\"},\"query-input\":{\"@type\":\"PropertyValueSpecification\",\"valueRequired\":true,\"valueName\":\"search_term_string\"}}],\"inLanguage\":\"en-US\"},{\"@type\":\"Organization\",\"@id\":\"https:\/\/beup.space\/#organization\",\"name\":\"BEUP\",\"url\":\"https:\/\/beup.space\/\",\"logo\":{\"@type\":\"ImageObject\",\"inLanguage\":\"en-US\",\"@id\":\"https:\/\/beup.space\/#\/schema\/logo\/image\/\",\"url\":\"https:\/\/beup.space\/wp-content\/uploads\/2025\/12\/logo-final-1536x530-1.png\",\"contentUrl\":\"https:\/\/beup.space\/wp-content\/uploads\/2025\/12\/logo-final-1536x530-1.png\",\"width\":1536,\"height\":530,\"caption\":\"BEUP\"},\"image\":{\"@id\":\"https:\/\/beup.space\/#\/schema\/logo\/image\/\"}}]}<\/script>\n<!-- \/ Yoast SEO plugin. -->","yoast_head_json":{"title":"Privacy Policy - BEUP","robots":{"index":"index","follow":"follow","max-snippet":"max-snippet:-1","max-image-preview":"max-image-preview:large","max-video-preview":"max-video-preview:-1"},"canonical":"https:\/\/beup.space\/en\/privacy-policy\/","og_locale":"en_US","og_type":"article","og_title":"Privacy Policy - BEUP","og_description":"Ch\u00ednh s\u00e1ch b\u1ea3o m\u1eadt &amp; d\u1eef li\u1ec7u c\u00e1 nh\u00e2n Ch\u00ednh s\u00e1ch b\u1ea3o m\u1eadt &amp; d\u1eef li\u1ec7u c\u00e1 nh\u00e2n 1. D\u1eef li\u1ec7u BEUP thu th\u1eadp Th\u00f4ng tin \u0111\u01a1n h\u00e0ng: h\u1ecd t\u00ean, email, s\u1ed1 \u0111i\u1ec7n tho\u1ea1i (n\u1ebfu c\u00f3), qu\u1ed1c gia. Th\u00f4ng tin [&hellip;]","og_url":"https:\/\/beup.space\/en\/privacy-policy\/","og_site_name":"BEUP","article_modified_time":"2026-01-22T14:10:15+00:00","og_image":[{"url":"https:\/\/beup.space\/wp-content\/uploads\/2024\/02\/box-bottom-1.jpg","type":"","width":"","height":""}],"twitter_card":"summary_large_image","twitter_misc":{"Est. reading time":"1 minute"},"schema":{"@context":"https:\/\/schema.org","@graph":[{"@type":"WebPage","@id":"https:\/\/beup.space\/privacy-policy\/","url":"https:\/\/beup.space\/privacy-policy\/","name":"Privacy Policy - BEUP","isPartOf":{"@id":"https:\/\/beup.space\/#website"},"datePublished":"2026-01-14T14:38:13+00:00","dateModified":"2026-01-22T14:10:15+00:00","breadcrumb":{"@id":"https:\/\/beup.space\/privacy-policy\/#breadcrumb"},"inLanguage":"en-US","potentialAction":[{"@type":"ReadAction","target":["https:\/\/beup.space\/privacy-policy\/"]}]},{"@type":"BreadcrumbList","@id":"https:\/\/beup.space\/privacy-policy\/#breadcrumb","itemListElement":[{"@type":"ListItem","position":1,"name":"Home","item":"https:\/\/beup.space\/"},{"@type":"ListItem","position":2,"name":"Privacy Policy"}]},{"@type":"WebSite","@id":"https:\/\/beup.space\/#website","url":"https:\/\/beup.space\/","name":"BEUP","description":"Building a digital product e-commerce platform (Notion templates, content packs) with consulting services \u2014 WordPress site","publisher":{"@id":"https:\/\/beup.space\/#organization"},"potentialAction":[{"@type":"SearchAction","target":{"@type":"EntryPoint","urlTemplate":"https:\/\/beup.space\/?s={search_term_string}"},"query-input":{"@type":"PropertyValueSpecification","valueRequired":true,"valueName":"search_term_string"}}],"inLanguage":"en-US"},{"@type":"Organization","@id":"https:\/\/beup.space\/#organization","name":"BEUP","url":"https:\/\/beup.space\/","logo":{"@type":"ImageObject","inLanguage":"en-US","@id":"https:\/\/beup.space\/#\/schema\/logo\/image\/","url":"https:\/\/beup.space\/wp-content\/uploads\/2025\/12\/logo-final-1536x530-1.png","contentUrl":"https:\/\/beup.space\/wp-content\/uploads\/2025\/12\/logo-final-1536x530-1.png","width":1536,"height":530,"caption":"BEUP"},"image":{"@id":"https:\/\/beup.space\/#\/schema\/logo\/image\/"}}]}},"_links":{"self":[{"href":"https:\/\/beup.space\/en\/wp-json\/wp\/v2\/pages\/14566","targetHints":{"allow":["GET"]}}],"collection":[{"href":"https:\/\/beup.space\/en\/wp-json\/wp\/v2\/pages"}],"about":[{"href":"https:\/\/beup.space\/en\/wp-json\/wp\/v2\/types\/page"}],"author":[{"embeddable":true,"href":"https:\/\/beup.space\/en\/wp-json\/wp\/v2\/users\/1"}],"replies":[{"embeddable":true,"href":"https:\/\/beup.space\/en\/wp-json\/wp\/v2\/comments?post=14566"}],"version-history":[{"count":11,"href":"https:\/\/beup.space\/en\/wp-json\/wp\/v2\/pages\/14566\/revisions"}],"predecessor-version":[{"id":15026,"href":"https:\/\/beup.space\/en\/wp-json\/wp\/v2\/pages\/14566\/revisions\/15026"}],"wp:attachment":[{"href":"https:\/\/beup.space\/en\/wp-json\/wp\/v2\/media?parent=14566"}],"curies":[{"name":"wp","href":"https:\/\/api.w.org\/{rel}","templated":true}]}}