{"id":12344,"date":"2024-02-28T09:40:52","date_gmt":"2024-02-28T09:40:52","guid":{"rendered":"https:\/\/coaching.thimpress.com\/business-coaching\/?page_id=12344"},"modified":"2026-03-05T11:22:04","modified_gmt":"2026-03-05T04:22:04","slug":"contact","status":"publish","type":"page","link":"https:\/\/beup.space\/en\/contact\/","title":{"rendered":"Contact"},"content":{"rendered":"<div data-elementor-type=\"wp-page\" data-elementor-id=\"12344\" class=\"elementor elementor-12344\">\n\t\t\t\t<div class=\"elementor-element elementor-element-e39de7b e-flex e-con-boxed e-con e-parent\" data-id=\"e39de7b\" data-element_type=\"container\" data-settings=\"{&quot;background_background&quot;:&quot;classic&quot;}\">\n\t\t\t\t\t<div class=\"e-con-inner\">\n\t\t\t\t<div class=\"elementor-element elementor-element-d827474 elementor-widget__width-initial animated-slow elementor-invisible elementor-widget elementor-widget-thim-ekits-heading\" data-id=\"d827474\" data-element_type=\"widget\" data-settings=\"{&quot;_animation&quot;:&quot;ekit--slide-up&quot;}\" data-widget_type=\"thim-ekits-heading.default\">\n\t\t\t\t<div class=\"elementor-widget-container\">\n\t\t\t\t\t<div class=\"thim-ekits-heading thim-ekit__heading\"><h1 class=\"title\">Connect Value <\/br> Unlock Potential<\/h1><p class=\"sub-heading\">We don\u2019t build rigid systems. We walk alongside you on a journey to uncover hidden values, gently transforming experiences into sustainable digital assets.<\/p><\/div>\t\t\t\t<\/div>\n\t\t\t\t<\/div>\n\t\t\t\t\t<\/div>\n\t\t\t\t<\/div>\n\t\t<div class=\"elementor-element elementor-element-5997ee5 e-flex e-con-boxed e-con e-parent\" data-id=\"5997ee5\" data-element_type=\"container\">\n\t\t\t\t\t<div class=\"e-con-inner\">\n\t\t<div class=\"elementor-element elementor-element-68995d3 e-con-full e-flex e-con e-child\" data-id=\"68995d3\" data-element_type=\"container\">\n\t\t<div class=\"elementor-element elementor-element-d40244b e-flex e-con-boxed e-con e-child\" data-id=\"d40244b\" data-element_type=\"container\" data-settings=\"{&quot;background_background&quot;:&quot;classic&quot;}\">\n\t\t\t\t\t<div class=\"e-con-inner\">\n\t\t\t\t<div class=\"elementor-element elementor-element-22942b3 elementor-widget elementor-widget-thim-ekits-heading\" data-id=\"22942b3\" data-element_type=\"widget\" data-widget_type=\"thim-ekits-heading.default\">\n\t\t\t\t<div class=\"elementor-widget-container\">\n\t\t\t\t\t<div class=\"thim-ekits-heading thim-ekit__heading\"><h5 class=\"title\">email<\/h5><p class=\"sub-heading\">support@beup.space<\/p><\/div>\t\t\t\t<\/div>\n\t\t\t\t<\/div>\n\t\t\t\t\t<\/div>\n\t\t\t\t<\/div>\n\t\t<div class=\"elementor-element elementor-element-b691d3e e-flex e-con-boxed e-con e-child\" data-id=\"b691d3e\" data-element_type=\"container\" data-settings=\"{&quot;background_background&quot;:&quot;classic&quot;}\">\n\t\t\t\t\t<div class=\"e-con-inner\">\n\t\t\t\t<div class=\"elementor-element elementor-element-deac14c elementor-widget elementor-widget-thim-ekits-heading\" data-id=\"deac14c\" data-element_type=\"widget\" data-widget_type=\"thim-ekits-heading.default\">\n\t\t\t\t<div class=\"elementor-widget-container\">\n\t\t\t\t\t<div class=\"thim-ekits-heading thim-ekit__heading\"><h5 class=\"title\">Contact Us<\/h5><p class=\"sub-heading\">Vietnam: +84 352 991 304 <br> United States: +1 680 207 5542<\/p><\/div>\t\t\t\t<\/div>\n\t\t\t\t<\/div>\n\t\t\t\t\t<\/div>\n\t\t\t\t<\/div>\n\t\t\t\t<\/div>\n\t\t<div class=\"elementor-element elementor-element-52d0ccd e-con-full e-flex e-con e-child\" data-id=\"52d0ccd\" data-element_type=\"container\">\n\t\t\t\t<div class=\"elementor-element elementor-element-1a8975d elementor-widget elementor-widget-thim-ekits-heading\" data-id=\"1a8975d\" data-element_type=\"widget\" data-widget_type=\"thim-ekits-heading.default\">\n\t\t\t\t<div class=\"elementor-widget-container\">\n\t\t\t\t\t<div class=\"thim-ekits-heading thim-ekit__heading\"><h3 class=\"title\">Contact BEUP<\/h3><p class=\"sub-heading\">Do you have questions or want to discuss further? Leave a message, and BEUP will respond within 48 business hours.<\/p><\/div>\t\t\t\t<\/div>\n\t\t\t\t<\/div>\n\t\t\t\t<div class=\"elementor-element elementor-element-742fcb4 elementor-widget__width-inherit elementor-widget elementor-widget-shortcode\" data-id=\"742fcb4\" data-element_type=\"widget\" data-widget_type=\"shortcode.default\">\n\t\t\t\t\t\t\t<div class=\"elementor-shortcode\"><form id=\"forminator-module-13480\" class=\"forminator-custom-form forminator-custom-form-13480\" method=\"post\" data-forminator-render=\"0\" data-uid=\"69d4bf6938498\" action=\"\"><div role=\"alert\" aria-live=\"polite\" class=\"forminator-response-message forminator-error\" aria-hidden=\"true\"><\/div><input type=\"hidden\" name=\"trp-form-language\" value=\"en\"\/><\/form><\/div>\n\t\t\t\t\t\t<\/div>\n\t\t\t\t<\/div>\n\t\t\t\t\t<\/div>\n\t\t\t\t<\/div>\n\t\t\t\t<\/div>","protected":false},"excerpt":{"rendered":"<p>Connecting Value Activating Potential We don't build dry, lifeless systems. We walk alongside you on the journey of naming hidden values, gently transforming experiences [&hellip;]<\/p>","protected":false},"author":2,"featured_media":0,"parent":0,"menu_order":0,"comment_status":"closed","ping_status":"closed","template":"elementor_header_footer","meta":{"footnotes":""},"class_list":["post-12344","page","type-page","status-publish","hentry"],"yoast_head":"<!-- This site is optimized with the Yoast SEO plugin v26.7 - https:\/\/yoast.com\/wordpress\/plugins\/seo\/ -->\n<title>Contact - BEUP<\/title>\n<meta name=\"robots\" content=\"index, follow, max-snippet:-1, max-image-preview:large, max-video-preview:-1\" \/>\n<link rel=\"canonical\" href=\"https:\/\/beup.space\/en\/contact\/\" \/>\n<meta property=\"og:locale\" content=\"en_US\" \/>\n<meta property=\"og:type\" content=\"article\" \/>\n<meta property=\"og:title\" content=\"Contact - BEUP\" \/>\n<meta property=\"og:description\" content=\"K\u1ebft n\u1ed1i gi\u00e1 tr\u1ecb K\u00edch ho\u1ea1t ti\u1ec1m n\u0103ng Ch\u00fang t\u00f4i kh\u00f4ng x\u00e2y d\u1ef1ng nh\u1eefng h\u1ec7 th\u1ed1ng kh\u00f4 khan. Ch\u00fang t\u00f4i \u0111\u1ed3ng h\u00e0nh c\u00f9ng b\u1ea1n tr\u00ean h\u00e0nh tr\u00ecnh g\u1ecdi t\u00ean nh\u1eefng gi\u00e1 tr\u1ecb ti\u1ec1m \u1ea9n, nh\u1eb9 nh\u00e0ng chuy\u1ec3n h\u00f3a tr\u1ea3i nghi\u1ec7m [&hellip;]\" \/>\n<meta property=\"og:url\" content=\"https:\/\/beup.space\/en\/contact\/\" \/>\n<meta property=\"og:site_name\" content=\"BEUP\" \/>\n<meta property=\"article:modified_time\" content=\"2026-03-05T04:22:04+00:00\" \/>\n<meta property=\"og:image\" content=\"https:\/\/beup.space\/wp-content\/uploads\/2024\/02\/box-bottom-1.jpg\" \/>\n<meta name=\"twitter:card\" content=\"summary_large_image\" \/>\n<meta name=\"twitter:label1\" content=\"Est. reading time\" \/>\n\t<meta name=\"twitter:data1\" content=\"1 minute\" \/>\n<script type=\"application\/ld+json\" class=\"yoast-schema-graph\">{\"@context\":\"https:\/\/schema.org\",\"@graph\":[{\"@type\":\"WebPage\",\"@id\":\"https:\/\/beup.space\/contact\/\",\"url\":\"https:\/\/beup.space\/contact\/\",\"name\":\"Contact - BEUP\",\"isPartOf\":{\"@id\":\"https:\/\/beup.space\/#website\"},\"datePublished\":\"2024-02-28T09:40:52+00:00\",\"dateModified\":\"2026-03-05T04:22:04+00:00\",\"breadcrumb\":{\"@id\":\"https:\/\/beup.space\/contact\/#breadcrumb\"},\"inLanguage\":\"en-US\",\"potentialAction\":[{\"@type\":\"ReadAction\",\"target\":[\"https:\/\/beup.space\/contact\/\"]}]},{\"@type\":\"BreadcrumbList\",\"@id\":\"https:\/\/beup.space\/contact\/#breadcrumb\",\"itemListElement\":[{\"@type\":\"ListItem\",\"position\":1,\"name\":\"Home\",\"item\":\"https:\/\/beup.space\/\"},{\"@type\":\"ListItem\",\"position\":2,\"name\":\"Contact\"}]},{\"@type\":\"WebSite\",\"@id\":\"https:\/\/beup.space\/#website\",\"url\":\"https:\/\/beup.space\/\",\"name\":\"BEUP\",\"description\":\"Just X\u00e2y d\u1ef1ng n\u1ec1n t\u1ea3ng th\u01b0\u01a1ng m\u1ea1i \u0111i\u1ec7n t\u1eed b\u00e1n s\u1ea3n ph\u1ea9m s\u1ed1 (Notion templates, content packs) k\u1ebft h\u1ee3p v\u1edbi gi\u1edbi thi\u1ec7u d\u1ecbch v\u1ee5 t\u01b0 v\u1ea5nWordPress site\",\"publisher\":{\"@id\":\"https:\/\/beup.space\/#organization\"},\"potentialAction\":[{\"@type\":\"SearchAction\",\"target\":{\"@type\":\"EntryPoint\",\"urlTemplate\":\"https:\/\/beup.space\/?s={search_term_string}\"},\"query-input\":{\"@type\":\"PropertyValueSpecification\",\"valueRequired\":true,\"valueName\":\"search_term_string\"}}],\"inLanguage\":\"en-US\"},{\"@type\":\"Organization\",\"@id\":\"https:\/\/beup.space\/#organization\",\"name\":\"BEUP\",\"url\":\"https:\/\/beup.space\/\",\"logo\":{\"@type\":\"ImageObject\",\"inLanguage\":\"en-US\",\"@id\":\"https:\/\/beup.space\/#\/schema\/logo\/image\/\",\"url\":\"https:\/\/beup.space\/wp-content\/uploads\/2025\/12\/logo-final-1536x530-1.png\",\"contentUrl\":\"https:\/\/beup.space\/wp-content\/uploads\/2025\/12\/logo-final-1536x530-1.png\",\"width\":1536,\"height\":530,\"caption\":\"BEUP\"},\"image\":{\"@id\":\"https:\/\/beup.space\/#\/schema\/logo\/image\/\"}}]}<\/script>\n<!-- \/ Yoast SEO plugin. -->","yoast_head_json":{"title":"Contact - BEUP","robots":{"index":"index","follow":"follow","max-snippet":"max-snippet:-1","max-image-preview":"max-image-preview:large","max-video-preview":"max-video-preview:-1"},"canonical":"https:\/\/beup.space\/en\/contact\/","og_locale":"en_US","og_type":"article","og_title":"Contact - BEUP","og_description":"K\u1ebft n\u1ed1i gi\u00e1 tr\u1ecb K\u00edch ho\u1ea1t ti\u1ec1m n\u0103ng Ch\u00fang t\u00f4i kh\u00f4ng x\u00e2y d\u1ef1ng nh\u1eefng h\u1ec7 th\u1ed1ng kh\u00f4 khan. Ch\u00fang t\u00f4i \u0111\u1ed3ng h\u00e0nh c\u00f9ng b\u1ea1n tr\u00ean h\u00e0nh tr\u00ecnh g\u1ecdi t\u00ean nh\u1eefng gi\u00e1 tr\u1ecb ti\u1ec1m \u1ea9n, nh\u1eb9 nh\u00e0ng chuy\u1ec3n h\u00f3a tr\u1ea3i nghi\u1ec7m [&hellip;]","og_url":"https:\/\/beup.space\/en\/contact\/","og_site_name":"BEUP","article_modified_time":"2026-03-05T04:22:04+00:00","og_image":[{"url":"https:\/\/beup.space\/wp-content\/uploads\/2024\/02\/box-bottom-1.jpg","type":"","width":"","height":""}],"twitter_card":"summary_large_image","twitter_misc":{"Est. reading time":"1 minute"},"schema":{"@context":"https:\/\/schema.org","@graph":[{"@type":"WebPage","@id":"https:\/\/beup.space\/contact\/","url":"https:\/\/beup.space\/contact\/","name":"Contact - BEUP","isPartOf":{"@id":"https:\/\/beup.space\/#website"},"datePublished":"2024-02-28T09:40:52+00:00","dateModified":"2026-03-05T04:22:04+00:00","breadcrumb":{"@id":"https:\/\/beup.space\/contact\/#breadcrumb"},"inLanguage":"en-US","potentialAction":[{"@type":"ReadAction","target":["https:\/\/beup.space\/contact\/"]}]},{"@type":"BreadcrumbList","@id":"https:\/\/beup.space\/contact\/#breadcrumb","itemListElement":[{"@type":"ListItem","position":1,"name":"Home","item":"https:\/\/beup.space\/"},{"@type":"ListItem","position":2,"name":"Contact"}]},{"@type":"WebSite","@id":"https:\/\/beup.space\/#website","url":"https:\/\/beup.space\/","name":"BEUP","description":"Building a digital product e-commerce platform (Notion templates, content packs) with consulting services \u2014 WordPress site","publisher":{"@id":"https:\/\/beup.space\/#organization"},"potentialAction":[{"@type":"SearchAction","target":{"@type":"EntryPoint","urlTemplate":"https:\/\/beup.space\/?s={search_term_string}"},"query-input":{"@type":"PropertyValueSpecification","valueRequired":true,"valueName":"search_term_string"}}],"inLanguage":"en-US"},{"@type":"Organization","@id":"https:\/\/beup.space\/#organization","name":"BEUP","url":"https:\/\/beup.space\/","logo":{"@type":"ImageObject","inLanguage":"en-US","@id":"https:\/\/beup.space\/#\/schema\/logo\/image\/","url":"https:\/\/beup.space\/wp-content\/uploads\/2025\/12\/logo-final-1536x530-1.png","contentUrl":"https:\/\/beup.space\/wp-content\/uploads\/2025\/12\/logo-final-1536x530-1.png","width":1536,"height":530,"caption":"BEUP"},"image":{"@id":"https:\/\/beup.space\/#\/schema\/logo\/image\/"}}]}},"_links":{"self":[{"href":"https:\/\/beup.space\/en\/wp-json\/wp\/v2\/pages\/12344","targetHints":{"allow":["GET"]}}],"collection":[{"href":"https:\/\/beup.space\/en\/wp-json\/wp\/v2\/pages"}],"about":[{"href":"https:\/\/beup.space\/en\/wp-json\/wp\/v2\/types\/page"}],"author":[{"embeddable":true,"href":"https:\/\/beup.space\/en\/wp-json\/wp\/v2\/users\/2"}],"replies":[{"embeddable":true,"href":"https:\/\/beup.space\/en\/wp-json\/wp\/v2\/comments?post=12344"}],"version-history":[{"count":51,"href":"https:\/\/beup.space\/en\/wp-json\/wp\/v2\/pages\/12344\/revisions"}],"predecessor-version":[{"id":16505,"href":"https:\/\/beup.space\/en\/wp-json\/wp\/v2\/pages\/12344\/revisions\/16505"}],"wp:attachment":[{"href":"https:\/\/beup.space\/en\/wp-json\/wp\/v2\/media?parent=12344"}],"curies":[{"name":"wp","href":"https:\/\/api.w.org\/{rel}","templated":true}]}}